{"id":561,"date":"2015-12-14T13:51:06","date_gmt":"2015-12-14T17:51:06","guid":{"rendered":"http:\/\/zonadelta.net\/zhols\/?page_id=561"},"modified":"2019-01-24T01:18:03","modified_gmt":"2019-01-24T04:18:03","slug":"analisis","status":"publish","type":"page","link":"http:\/\/zonadelta.net\/zhols\/?page_id=561","title":{"rendered":"An\u00e1lisis"},"content":{"rendered":"<p>En esta p\u00e1gina podr\u00e1s encontrar todos los an\u00e1lisis que he realizado, organizados seg\u00fan el sistema al que pertenecen.<\/p>\n<p><img loading=\"lazy\" decoding=\"async\" class=\"alignnone\" src=\"http:\/\/www.ordenadores-y-portatiles.com\/images\/crear-arcade.jpg\" alt=\"\" width=\"132\" height=\"132\" \/><\/p>\n<p><a href=\"http:\/\/zonadelta.net\/zhols\/?p=59\">Super Battletoads<\/a>\u00a0Nota: 7,5<\/p>\n<p><img loading=\"lazy\" decoding=\"async\" class=\"alignnone\" src=\"https:\/\/upload.wikimedia.org\/wikipedia\/commons\/thumb\/9\/96\/Nintendo_3DS_(logo).svg\/2000px-Nintendo_3DS_(logo).svg.png\" alt=\"\" width=\"317\" height=\"38\" \/><\/p>\n<p><a href=\"http:\/\/zonadelta.net\/zhols\/?p=1746\">Blaster Master Zero<\/a> Nota: 7,8<\/p>\n<p><a href=\"http:\/\/zonadelta.net\/zhols\/?p=1460\">Castlevania: Lord of Shadows &#8211; Mirror of Fate<\/a> Nota: 7,4<\/p>\n<p><a href=\"http:\/\/zonadelta.net\/zhols\/?p=9\">The Legend of Zelda: A Link Between Worlds<\/a> Nota: 9<\/p>\n<p><a href=\"http:\/\/zonadelta.net\/zhols\/?p=1477\">Metroid Samus Returns<\/a> Nota: 8,8<\/p>\n<p><a href=\"http:\/\/zonadelta.net\/zhols\/?p=1325\">Pok\u00e9mon Luna<\/a> Nota: 8,8<\/p>\n<p><a href=\"http:\/\/zonadelta.net\/zhols\/?p=1541\">Severed<\/a> Nota: 8,4<\/p>\n<p><img loading=\"lazy\" decoding=\"async\" class=\"alignnone wp-image-938 \" src=\"http:\/\/zonadelta.net\/zhols\/wp-content\/uploads\/2015\/12\/Logo_-_Game_Boy_Color-480x196.png\" alt=\"Logo_-_Game_Boy_Color\" width=\"221\" height=\"90\" srcset=\"http:\/\/zonadelta.net\/zhols\/wp-content\/uploads\/2015\/12\/Logo_-_Game_Boy_Color-480x196.png 480w, http:\/\/zonadelta.net\/zhols\/wp-content\/uploads\/2015\/12\/Logo_-_Game_Boy_Color-768x314.png 768w, http:\/\/zonadelta.net\/zhols\/wp-content\/uploads\/2015\/12\/Logo_-_Game_Boy_Color-100x41.png 100w, http:\/\/zonadelta.net\/zhols\/wp-content\/uploads\/2015\/12\/Logo_-_Game_Boy_Color.png 834w\" sizes=\"(max-width: 221px) 100vw, 221px\" \/><\/p>\n<p><a href=\"http:\/\/zonadelta.net\/zhols\/?p=235\">Kaeru no Tame ni Kane wa Naru<\/a> Nota: 7<\/p>\n<p><a href=\"http:\/\/zonadelta.net\/zhols\/?p=509\">Metal Gear Ghost Babel<\/a>\u00a0Nota: 8<\/p>\n<p><a href=\"http:\/\/zonadelta.net\/zhols\/?p=565\" target=\"_blank\" rel=\"noopener\">Metroid II Return of Samus<\/a> Nota:8,5<\/p>\n<p><a href=\"http:\/\/zonadelta.net\/zhols\/?p=1100\">Resident Evil Gaiden<\/a> Nota: 6,5<\/p>\n<p><img loading=\"lazy\" decoding=\"async\" class=\"alignnone\" src=\"http:\/\/img.webme.com\/pic\/t\/theleyendspokemon\/logo_gameboyadvance.png\" alt=\"\" width=\"173\" height=\"89\" \/><\/p>\n<p><a href=\"http:\/\/zonadelta.net\/zhols\/?p=1208\">Castlevania: Circle of the Moon<\/a> Nota: 8,7<\/p>\n<p><a href=\"http:\/\/zonadelta.net\/zhols\/?p=1241\">Castlevania: Harmony of Dissonance<\/a> Nota: 8,5<\/p>\n<p><a href=\"http:\/\/zonadelta.net\/zhols\/?p=494\">Donkey Kong Country 2<\/a> Nota: 8<\/p>\n<p><a href=\"http:\/\/zonadelta.net\/zhols\/?p=1182\">Fire Emblem: The Binding Blade<\/a>\u00a0Nota: 8,5<\/p>\n<p><a href=\"http:\/\/zonadelta.net\/zhols\/?p=850\">Mother 1 (Mother 1+2)<\/a> Nota: 8<\/p>\n<p><a href=\"http:\/\/zonadelta.net\/zhols\/?p=535\">Mother 3<\/a> Nota: 9<\/p>\n<p><img loading=\"lazy\" decoding=\"async\" class=\"alignnone size-full wp-image-1071\" src=\"http:\/\/zonadelta.net\/zhols\/wp-content\/uploads\/2015\/12\/200_s.gif\" alt=\"200_s\" width=\"200\" height=\"200\" \/><\/p>\n<p><a href=\"http:\/\/zonadelta.net\/zhols\/?p=1050\">Banjo-Kazooie<\/a> Nota: 8,7<\/p>\n<p><img loading=\"lazy\" decoding=\"async\" class=\"alignnone size-full wp-image-1674\" src=\"http:\/\/zonadelta.net\/zhols\/wp-content\/uploads\/2018\/04\/descarga-e1524421211720.png\" alt=\"\" width=\"225\" height=\"89\" \/><\/p>\n<p><a href=\"http:\/\/zonadelta.net\/zhols\/?p=1588\">The Worlds Ends with You<\/a> Nota: 9<\/p>\n<p><img loading=\"lazy\" decoding=\"async\" class=\"alignnone size-full wp-image-1073\" src=\"http:\/\/zonadelta.net\/zhols\/wp-content\/uploads\/2015\/12\/Nes_logo.jpg\" alt=\"Nes_logo\" width=\"400\" height=\"80\" srcset=\"http:\/\/zonadelta.net\/zhols\/wp-content\/uploads\/2015\/12\/Nes_logo.jpg 400w, http:\/\/zonadelta.net\/zhols\/wp-content\/uploads\/2015\/12\/Nes_logo-100x20.jpg 100w\" sizes=\"(max-width: 400px) 100vw, 400px\" \/><\/p>\n<p><a href=\"http:\/\/zonadelta.net\/zhols\/?p=1306\">Castlevania III: Dracula&#8217;s Curse<\/a> Nota: 8<\/p>\n<p><a href=\"http:\/\/zonadelta.net\/zhols\/?p=1396\">Fire Emblem Gaiden<\/a> Nota: 8<\/p>\n<p><a href=\"http:\/\/zonadelta.net\/zhols\/?p=976\">Sweet Home<\/a> Nota: 8<\/p>\n<p><img loading=\"lazy\" decoding=\"async\" class=\"alignnone\" src=\"http:\/\/vignette2.wikia.nocookie.net\/logopedia\/images\/6\/6b\/Gamecube.jpg\/revision\/latest?cb=20130212144209\" alt=\"\" width=\"113\" height=\"113\" \/><\/p>\n<p><a href=\"http:\/\/zonadelta.net\/zhols\/?p=295\">Dream Mix TV World Fighters<\/a> Nota: 7<\/p>\n<p><a href=\"http:\/\/zonadelta.net\/zhols\/?p=145\">The Legend of Zelda: The Wind Waker<\/a> Nota: 9,5<\/p>\n<p><a href=\"http:\/\/zonadelta.net\/zhols\/?p=1768\">Luigi&#8217;s Mansion<\/a> Nota: 8<\/p>\n<p><a href=\"http:\/\/zonadelta.net\/zhols\/?p=688\" target=\"_blank\" rel=\"noopener\">Paper Mario La puerta milenaria<\/a> Nota: 8,8<\/p>\n<p><img loading=\"lazy\" decoding=\"async\" class=\"alignnone\" src=\"https:\/\/upload.wikimedia.org\/wikipedia\/commons\/thumb\/9\/95\/MSX-Logo.svg\/2000px-MSX-Logo.svg.png\" alt=\"\" width=\"150\" height=\"62\" \/><\/p>\n<p><a href=\"http:\/\/zonadelta.net\/zhols\/?p=270\">Metal Gear<\/a>\u00a0Nota: 8,5<\/p>\n<p><a href=\"http:\/\/zonadelta.net\/zhols\/?p=354\">Metal Gear 2<\/a> Nota: 8,5<\/p>\n<p><img loading=\"lazy\" decoding=\"async\" class=\"alignnone wp-image-817\" src=\"http:\/\/zonadelta.net\/zhols\/wp-content\/uploads\/2015\/12\/ps3-playstation-3-logo.jpg\" alt=\"ps3-playstation-3-logo\" width=\"235\" height=\"108\" srcset=\"http:\/\/zonadelta.net\/zhols\/wp-content\/uploads\/2015\/12\/ps3-playstation-3-logo.jpg 500w, http:\/\/zonadelta.net\/zhols\/wp-content\/uploads\/2015\/12\/ps3-playstation-3-logo-480x221.jpg 480w, http:\/\/zonadelta.net\/zhols\/wp-content\/uploads\/2015\/12\/ps3-playstation-3-logo-100x46.jpg 100w\" sizes=\"(max-width: 235px) 100vw, 235px\" \/><\/p>\n<p><a href=\"http:\/\/zonadelta.net\/zhols\/?p=535\">Beyond Good &amp; Evil HD<\/a> Nota: 8<\/p>\n<p><a href=\"http:\/\/zonadelta.net\/zhols\/?p=201\">Child of Light<\/a> Nota: 9<\/p>\n<p><a href=\"http:\/\/zonadelta.net\/zhols\/?p=218\">JoJo Bizarre Adventure All Star Battle<\/a> Nota: 8<\/p>\n<p><a href=\"http:\/\/zonadelta.net\/zhols\/?p=246\">Journey<\/a> (SIN NOTA)<\/p>\n<p><a href=\"http:\/\/zonadelta.net\/zhols\/?p=385\">Strider<\/a> Nota: 7,8<\/p>\n<p><img loading=\"lazy\" decoding=\"async\" class=\"alignnone\" src=\"http:\/\/www.reaxxion.com\/wp-content\/uploads\/2015\/01\/MasterRace2-667x342.jpg\" alt=\"\" width=\"225\" height=\"115\" \/><\/p>\n<p><a href=\"http:\/\/zonadelta.net\/zhols\/?p=748\" target=\"_blank\" rel=\"noopener\">The Banner Saga<\/a> Nota: 8,6<\/p>\n<p><a href=\"http:\/\/zonadelta.net\/zhols\/?p=1150\">The Beginner&#8217;s Guide<\/a> (SIN NOTA)<\/p>\n<p><a href=\"http:\/\/zonadelta.net\/zhols\/?p=461\">Botanicula<\/a>\u00a0Nota: 8<\/p>\n<p><a href=\"http:\/\/zonadelta.net\/zhols\/?p=1793\">Disney\u2019s Extremely Goofy Skateboarding<\/a> (SIN NOTA)<\/p>\n<p><a href=\"http:\/\/zonadelta.net\/zhols\/?p=1015\">Fez<\/a> Nota: 8,7<\/p>\n<p><a href=\"http:\/\/zonadelta.net\/zhols\/?p=310\">Final Fantasy IV<\/a> Nota: 8,5<\/p>\n<p><a href=\"http:\/\/zonadelta.net\/zhols\/?p=909\">Hell Yeah! Wrath of the Dead Rabbit<\/a> Nota: 7,2<\/p>\n<p><a href=\"http:\/\/zonadelta.net\/zhols\/?p=1439\">Odallus: The Dark Call Nota:<\/a> 7,8<\/p>\n<p><a href=\"http:\/\/zonadelta.net\/zhols\/?p=778\" target=\"_blank\" rel=\"noopener\">Oddworld Abe&#8217;s Oddysee<\/a> Nota: 8,8<\/p>\n<p><a href=\"http:\/\/zonadelta.net\/zhols\/?p=661\" target=\"_blank\" rel=\"noopener\">Papo y Yo<\/a> Nota: 7,5<\/p>\n<p><a href=\"http:\/\/zonadelta.net\/zhols\/?p=1648\">Shadowrun Returns<\/a> Nota: 7,7<\/p>\n<p><a href=\"http:\/\/zonadelta.net\/zhols\/?p=1291\">Shantae: Risky&#8217;s Revenge<\/a> Nota: 8,2<\/p>\n<p><a href=\"http:\/\/zonadelta.net\/zhols\/?p=627\" target=\"_blank\" rel=\"noopener\">Shovel Knight<\/a> Nota: 8,5<\/p>\n<p><a href=\"http:\/\/zonadelta.net\/zhols\/?p=1431\">SteamWorld Dig<\/a> Nota: 7,6<\/p>\n<p><a href=\"http:\/\/zonadelta.net\/zhols\/?p=1229\">Xeodrifter Special Edition<\/a> Nota: 7<\/p>\n<p><img loading=\"lazy\" decoding=\"async\" class=\"alignnone\" src=\"https:\/\/upload.wikimedia.org\/wikipedia\/commons\/thumb\/2\/2c\/SNES_logo.svg\/2000px-SNES_logo.svg.png\" alt=\"\" width=\"328\" height=\"82\" \/><\/p>\n<p><a href=\"http:\/\/zonadelta.net\/zhols\/?p=588\" target=\"_blank\" rel=\"noopener\">Demon&#8217;s Crest<\/a> Nota: 8,5<\/p>\n<p><a href=\"http:\/\/zonadelta.net\/zhols\/?p=68\">Super Bomberman 2<\/a> Nota: 7,5<\/p>\n<p><a href=\"http:\/\/zonadelta.net\/zhols\/?p=404\">Tales of Phantasia<\/a> Nota: 8,5<\/p>\n<p><img loading=\"lazy\" decoding=\"async\" class=\"\" src=\"https:\/\/res.cloudinary.com\/teepublic\/image\/private\/s--pUVkYWlS--\/t_Preview\/b_rgb:191919,c_limit,f_jpg,h_630,q_90,w_630\/v1511372438\/production\/designs\/2088855_1.jpg\" width=\"127\" height=\"127\" \/><\/p>\n<p><a href=\"http:\/\/zonadelta.net\/zhols\/?p=1515\">Soldier Blade<\/a> Nota: 8,8<\/p>\n","protected":false},"excerpt":{"rendered":"<p>En esta p\u00e1gina podr\u00e1s encontrar todos los an\u00e1lisis que he realizado, organizados seg\u00fan el sistema al que pertenecen. Super Battletoads\u00a0Nota: 7,5 Blaster Master Zero Nota: 7,8 Castlevania: Lord of Shadows &#8211; Mirror of Fate Nota: 7,4 The Legend of Zelda: A Link Between Worlds Nota: 9 Metroid Samus Returns Nota: 8,8 Pok\u00e9mon Luna Nota: 8,8 &#8230; <a title=\"An\u00e1lisis\" class=\"read-more\" href=\"http:\/\/zonadelta.net\/zhols\/?page_id=561\">Leer m\u00e1s <span class=\"screen-reader-text\">An\u00e1lisis<\/span><\/a><\/p>\n","protected":false},"author":2,"featured_media":0,"parent":0,"menu_order":0,"comment_status":"open","ping_status":"closed","template":"","meta":{"footnotes":""},"class_list":["post-561","page","type-page","status-publish"],"_links":{"self":[{"href":"http:\/\/zonadelta.net\/zhols\/index.php?rest_route=\/wp\/v2\/pages\/561"}],"collection":[{"href":"http:\/\/zonadelta.net\/zhols\/index.php?rest_route=\/wp\/v2\/pages"}],"about":[{"href":"http:\/\/zonadelta.net\/zhols\/index.php?rest_route=\/wp\/v2\/types\/page"}],"author":[{"embeddable":true,"href":"http:\/\/zonadelta.net\/zhols\/index.php?rest_route=\/wp\/v2\/users\/2"}],"replies":[{"embeddable":true,"href":"http:\/\/zonadelta.net\/zhols\/index.php?rest_route=%2Fwp%2Fv2%2Fcomments&post=561"}],"version-history":[{"count":19,"href":"http:\/\/zonadelta.net\/zhols\/index.php?rest_route=\/wp\/v2\/pages\/561\/revisions"}],"predecessor-version":[{"id":1802,"href":"http:\/\/zonadelta.net\/zhols\/index.php?rest_route=\/wp\/v2\/pages\/561\/revisions\/1802"}],"wp:attachment":[{"href":"http:\/\/zonadelta.net\/zhols\/index.php?rest_route=%2Fwp%2Fv2%2Fmedia&parent=561"}],"curies":[{"name":"wp","href":"https:\/\/api.w.org\/{rel}","templated":true}]}}