{"id":2,"date":"2014-07-22T18:52:16","date_gmt":"2014-07-22T18:52:16","guid":{"rendered":"http:\/\/http:\/\/zonadelta.net\/zhols\/"},"modified":"2014-07-22T22:17:31","modified_gmt":"2014-07-22T22:17:31","slug":"sample-page","status":"publish","type":"page","link":"http:\/\/zonadelta.net\/zhols\/?page_id=2","title":{"rendered":"Sobre The End of Time"},"content":{"rendered":"<p>Este blog surge como el tercer blog que creo durante estos a\u00f1os en internet xD. En el pretendo tratar muchas de mis aficiones como lo son los videojuegos, la m\u00fasica, c\u00f3mics y anime principalmente, y en menor medida series y pel\u00edculas u otras cosas m\u00e1s miscel\u00e1neas.<\/p>\n<p>As\u00ed que espero que disfruten con las entradas que surgir\u00e1n en esta nueva experiencia bloguera.<\/p>\n<p><a href=\"http:\/\/zonadelta.net\/zhols\/wp-content\/uploads\/2014\/07\/large_1233677.png\"><img loading=\"lazy\" decoding=\"async\" class=\"alignnone size-full wp-image-15\" src=\"http:\/\/zonadelta.net\/zhols\/wp-content\/uploads\/2014\/07\/large_1233677.png\" alt=\"Zhols\" width=\"180\" height=\"180\" srcset=\"http:\/\/zonadelta.net\/zhols\/wp-content\/uploads\/2014\/07\/large_1233677.png 180w, http:\/\/zonadelta.net\/zhols\/wp-content\/uploads\/2014\/07\/large_1233677-150x150.png 150w\" sizes=\"(max-width: 180px) 100vw, 180px\" \/><\/a><\/p>\n","protected":false},"excerpt":{"rendered":"<p>Este blog surge como el tercer blog que creo durante estos a\u00f1os en internet xD. En el pretendo tratar muchas de mis aficiones como lo son los videojuegos, la m\u00fasica, c\u00f3mics y anime principalmente, y en menor medida series y pel\u00edculas u otras cosas m\u00e1s miscel\u00e1neas. As\u00ed que espero que disfruten con las entradas que &#8230; <a title=\"Sobre The End of Time\" class=\"read-more\" href=\"http:\/\/zonadelta.net\/zhols\/?page_id=2\">Leer m\u00e1s <span class=\"screen-reader-text\">Sobre The End of Time<\/span><\/a><\/p>\n","protected":false},"author":1,"featured_media":0,"parent":0,"menu_order":0,"comment_status":"open","ping_status":"open","template":"","meta":{"footnotes":""},"class_list":["post-2","page","type-page","status-publish"],"_links":{"self":[{"href":"http:\/\/zonadelta.net\/zhols\/index.php?rest_route=\/wp\/v2\/pages\/2"}],"collection":[{"href":"http:\/\/zonadelta.net\/zhols\/index.php?rest_route=\/wp\/v2\/pages"}],"about":[{"href":"http:\/\/zonadelta.net\/zhols\/index.php?rest_route=\/wp\/v2\/types\/page"}],"author":[{"embeddable":true,"href":"http:\/\/zonadelta.net\/zhols\/index.php?rest_route=\/wp\/v2\/users\/1"}],"replies":[{"embeddable":true,"href":"http:\/\/zonadelta.net\/zhols\/index.php?rest_route=%2Fwp%2Fv2%2Fcomments&post=2"}],"version-history":[{"count":2,"href":"http:\/\/zonadelta.net\/zhols\/index.php?rest_route=\/wp\/v2\/pages\/2\/revisions"}],"predecessor-version":[{"id":16,"href":"http:\/\/zonadelta.net\/zhols\/index.php?rest_route=\/wp\/v2\/pages\/2\/revisions\/16"}],"wp:attachment":[{"href":"http:\/\/zonadelta.net\/zhols\/index.php?rest_route=%2Fwp%2Fv2%2Fmedia&parent=2"}],"curies":[{"name":"wp","href":"https:\/\/api.w.org\/{rel}","templated":true}]}}