{"id":1162,"date":"2016-10-03T23:04:01","date_gmt":"2016-10-04T03:04:01","guid":{"rendered":"http:\/\/zonadelta.net\/zhols\/?page_id=1162"},"modified":"2016-10-03T23:04:01","modified_gmt":"2016-10-04T03:04:01","slug":"comics","status":"publish","type":"page","link":"http:\/\/zonadelta.net\/zhols\/?page_id=1162","title":{"rendered":"C\u00f3mics"},"content":{"rendered":"<p>En esta p\u00e1gina podemos encontrar todas las rese\u00f1as de c\u00f3mics, novelas visuales, historietas y &#8211; por extensi\u00f3n &#8211; mangas.<\/p>\n<p>Alternative<\/p>\n<p><a href=\"http:\/\/zonadelta.net\/zhols\/?p=1120\">Maus<\/a><\/p>\n<p>Avatar Press<\/p>\n<p><a href=\"http:\/\/zonadelta.net\/zhols\/?p=1075\">God is Dead<\/a><\/p>\n<p>DC Comics<\/p>\n<p><a href=\"http:\/\/zonadelta.net\/zhols\/?p=926\">Batman Super Heavy<\/a><\/p>\n<p><a href=\"http:\/\/zonadelta.net\/zhols\/?p=180\">Batman Zero Year<\/a><\/p>\n<p><a href=\"http:\/\/zonadelta.net\/zhols\/?p=25\">Earth 2 #01<\/a><\/p>\n<p><a href=\"http:\/\/zonadelta.net\/zhols\/?p=258\">Futures End<\/a><\/p>\n<p><a href=\"http:\/\/zonadelta.net\/zhols\/?p=601\">Just Imagine Stan Lee&#8217;s Green Lantern<\/a><\/p>\n<p><a href=\"http:\/\/zonadelta.net\/zhols\/?p=729\">The Multiversity Deluxe Edition<\/a><\/p>\n<p>Franco Belga<\/p>\n<p><a href=\"http:\/\/zonadelta.net\/zhols\/?p=884\">Block 109<\/a><\/p>\n<p><a href=\"http:\/\/zonadelta.net\/zhols\/?p=89\">El Incal Negro (Las Aventuras de John Difool)<\/a><\/p>\n<p>Manga<\/p>\n<p><a href=\"http:\/\/zonadelta.net\/zhols\/?p=677\">Baoh<\/a><\/p>\n<p><a href=\"http:\/\/zonadelta.net\/zhols\/?p=396\">Jaco el patrullero gal\u00e1ctico<\/a><\/p>\n<p>Marvel<\/p>\n<p><a href=\"http:\/\/zonadelta.net\/zhols\/?p=819\">Daredevil Yellow<\/a><\/p>\n<p><a href=\"http:\/\/zonadelta.net\/zhols\/?p=321\">Piratas del Espacio<\/a><\/p>\n<p><a href=\"http:\/\/zonadelta.net\/zhols\/?p=553\">Superior Iron Man<\/a><\/p>\n<p><a href=\"http:\/\/zonadelta.net\/zhols\/?p=580\">Thor Dios del Trueno Vol.1<\/a><\/p>\n<p>Vertigo<\/p>\n<p><a href=\"http:\/\/zonadelta.net\/zhols\/?p=1034\">Y: The Last Man<\/a><\/p>\n<p>Latinoamericano<\/p>\n<p><a href=\"http:\/\/zonadelta.net\/zhols\/?p=834\">Diablo<\/a><\/p>\n<p><a href=\"http:\/\/zonadelta.net\/zhols\/?p=999\">El Eternauta (Versi\u00f3n 1)<\/a><\/p>\n<p>&nbsp;<\/p>\n<p>&nbsp;<\/p>\n","protected":false},"excerpt":{"rendered":"<p>En esta p\u00e1gina podemos encontrar todas las rese\u00f1as de c\u00f3mics, novelas visuales, historietas y &#8211; por extensi\u00f3n &#8211; mangas. Alternative Maus Avatar Press God is Dead DC Comics Batman Super Heavy Batman Zero Year Earth 2 #01 Futures End Just Imagine Stan Lee&#8217;s Green Lantern The Multiversity Deluxe Edition Franco Belga Block 109 El Incal &#8230; <a title=\"C\u00f3mics\" class=\"read-more\" href=\"http:\/\/zonadelta.net\/zhols\/?page_id=1162\">Leer m\u00e1s <span class=\"screen-reader-text\">C\u00f3mics<\/span><\/a><\/p>\n","protected":false},"author":2,"featured_media":0,"parent":0,"menu_order":0,"comment_status":"open","ping_status":"closed","template":"","meta":{"footnotes":""},"class_list":["post-1162","page","type-page","status-publish"],"_links":{"self":[{"href":"http:\/\/zonadelta.net\/zhols\/index.php?rest_route=\/wp\/v2\/pages\/1162"}],"collection":[{"href":"http:\/\/zonadelta.net\/zhols\/index.php?rest_route=\/wp\/v2\/pages"}],"about":[{"href":"http:\/\/zonadelta.net\/zhols\/index.php?rest_route=\/wp\/v2\/types\/page"}],"author":[{"embeddable":true,"href":"http:\/\/zonadelta.net\/zhols\/index.php?rest_route=\/wp\/v2\/users\/2"}],"replies":[{"embeddable":true,"href":"http:\/\/zonadelta.net\/zhols\/index.php?rest_route=%2Fwp%2Fv2%2Fcomments&post=1162"}],"version-history":[{"count":1,"href":"http:\/\/zonadelta.net\/zhols\/index.php?rest_route=\/wp\/v2\/pages\/1162\/revisions"}],"predecessor-version":[{"id":1163,"href":"http:\/\/zonadelta.net\/zhols\/index.php?rest_route=\/wp\/v2\/pages\/1162\/revisions\/1163"}],"wp:attachment":[{"href":"http:\/\/zonadelta.net\/zhols\/index.php?rest_route=%2Fwp%2Fv2%2Fmedia&parent=1162"}],"curies":[{"name":"wp","href":"https:\/\/api.w.org\/{rel}","templated":true}]}}